{"id":85,"date":"2020-03-08T08:12:30","date_gmt":"2020-03-08T08:12:30","guid":{"rendered":"http:\/\/alexandraschewski.de\/?page_id=85"},"modified":"2025-12-01T17:25:36","modified_gmt":"2025-12-01T17:25:36","slug":"home","status":"publish","type":"page","link":"https:\/\/alexandraschewski.de\/","title":{"rendered":"Aktuell"},"content":{"rendered":"\n<div style=\"height:10px\" aria-hidden=\"true\" class=\"wp-block-spacer\"><\/div>\n\n\n\n<p class=\"has-text-align-left\"><a href=\"https:\/\/alexandraschewski.de\/?page_id=526\" data-type=\"page\" data-id=\"526\">&#8222;Die schematische Klarheit und Logik des Minimalismus treibt Alexandra Schewski in ihren Arbeiten weiter voran, indem sie die Mechanik der menschlichen Bewegung aufzeichnet. Auf der Stille der Ordnung ruhend durchbricht die K\u00fcnstlerin mit ihrem eigenen Rhythmus die Perfektion.&#8220;&nbsp;<\/a> (Dr. Caroline Li-Li Yi, 2022)<\/p>\n\n\n\n<figure class=\"wp-block-image size-large is-resized\"><img loading=\"lazy\" decoding=\"async\" width=\"797\" height=\"1024\" src=\"https:\/\/alexandraschewski.de\/wp-content\/uploads\/2025\/11\/CollageHaufen2_2025_150dpi_840px_2025-797x1024.jpg\" alt=\"\" class=\"wp-image-792\" style=\"width:840px\" srcset=\"https:\/\/alexandraschewski.de\/wp-content\/uploads\/2025\/11\/CollageHaufen2_2025_150dpi_840px_2025-797x1024.jpg 797w, https:\/\/alexandraschewski.de\/wp-content\/uploads\/2025\/11\/CollageHaufen2_2025_150dpi_840px_2025-234x300.jpg 234w, https:\/\/alexandraschewski.de\/wp-content\/uploads\/2025\/11\/CollageHaufen2_2025_150dpi_840px_2025-768x987.jpg 768w, https:\/\/alexandraschewski.de\/wp-content\/uploads\/2025\/11\/CollageHaufen2_2025_150dpi_840px_2025.jpg 840w\" sizes=\"auto, (max-width: 797px) 100vw, 797px\" \/><\/figure>\n\n\n\n<p>HAUFEN (2)<br>2025<br>Collage\/Digitaldruck auf Linoldruck<br>32,5&#215;25 cm<\/p>\n\n\n\n<figure class=\"wp-block-image size-large\"><img loading=\"lazy\" decoding=\"async\" width=\"793\" height=\"1024\" src=\"https:\/\/alexandraschewski.de\/wp-content\/uploads\/2025\/11\/CollageHaufen1_2025_150dpi_840px_2025-793x1024.jpg\" alt=\"\" class=\"wp-image-791\" srcset=\"https:\/\/alexandraschewski.de\/wp-content\/uploads\/2025\/11\/CollageHaufen1_2025_150dpi_840px_2025-793x1024.jpg 793w, https:\/\/alexandraschewski.de\/wp-content\/uploads\/2025\/11\/CollageHaufen1_2025_150dpi_840px_2025-232x300.jpg 232w, https:\/\/alexandraschewski.de\/wp-content\/uploads\/2025\/11\/CollageHaufen1_2025_150dpi_840px_2025-768x992.jpg 768w, https:\/\/alexandraschewski.de\/wp-content\/uploads\/2025\/11\/CollageHaufen1_2025_150dpi_840px_2025.jpg 840w\" sizes=\"auto, (max-width: 793px) 100vw, 793px\" \/><\/figure>\n\n\n\n<p>HAUFEN (1)<br>2025<br>Collage\/Digitaldruck auf Linoldruck<br>32,5&#215;25 cm<\/p>\n\n\n\n<div style=\"height:1px\" aria-hidden=\"true\" class=\"wp-block-spacer\"><\/div>\n\n\n\n<figure class=\"wp-block-image size-large\"><img loading=\"lazy\" decoding=\"async\" width=\"1024\" height=\"659\" src=\"https:\/\/alexandraschewski.de\/wp-content\/uploads\/2022\/04\/Ausstellungsansicht_Freiburg2-1024x659.jpg\" alt=\"\" class=\"wp-image-397\" srcset=\"https:\/\/alexandraschewski.de\/wp-content\/uploads\/2022\/04\/Ausstellungsansicht_Freiburg2-1024x659.jpg 1024w, https:\/\/alexandraschewski.de\/wp-content\/uploads\/2022\/04\/Ausstellungsansicht_Freiburg2-300x193.jpg 300w, https:\/\/alexandraschewski.de\/wp-content\/uploads\/2022\/04\/Ausstellungsansicht_Freiburg2-768x495.jpg 768w, https:\/\/alexandraschewski.de\/wp-content\/uploads\/2022\/04\/Ausstellungsansicht_Freiburg2-1536x989.jpg 1536w, https:\/\/alexandraschewski.de\/wp-content\/uploads\/2022\/04\/Ausstellungsansicht_Freiburg2.jpg 1601w\" sizes=\"auto, (max-width: 1024px) 100vw, 1024px\" \/><\/figure>\n\n\n\n<div class=\"wp-block-group\"><div class=\"wp-block-group__inner-container is-layout-flow wp-block-group-is-layout-flow\">\n<p>Ausstellungsansicht ZWEILICHT &#8211; HENNING GRIESSBACH &#8211; ALEXANDRA SCHEWSKI &#8211; K\u00fcnstler*innen laden K\u00fcnstler*innen ein, 2022, Galerie f\u00fcr Gegenwartskunst, E-Werk Freiburg (in der Mitte Henning Grie\u00dfbach)<\/p>\n\n\n\n<div style=\"height:1px\" aria-hidden=\"true\" class=\"wp-block-spacer\"><\/div>\n<\/div><\/div>\n\n\n<div class=\"wp-block-image\">\n<figure class=\"alignleft size-full\"><img loading=\"lazy\" decoding=\"async\" width=\"840\" height=\"586\" src=\"https:\/\/alexandraschewski.de\/wp-content\/uploads\/2025\/11\/Ansicht2_150dpi_840px_2025.jpg\" alt=\"\" class=\"wp-image-908\" srcset=\"https:\/\/alexandraschewski.de\/wp-content\/uploads\/2025\/11\/Ansicht2_150dpi_840px_2025.jpg 840w, https:\/\/alexandraschewski.de\/wp-content\/uploads\/2025\/11\/Ansicht2_150dpi_840px_2025-300x209.jpg 300w, https:\/\/alexandraschewski.de\/wp-content\/uploads\/2025\/11\/Ansicht2_150dpi_840px_2025-768x536.jpg 768w\" sizes=\"auto, (max-width: 840px) 100vw, 840px\" \/><\/figure><\/div>\n\n\n<div style=\"height:1px\" aria-hidden=\"true\" class=\"wp-block-spacer\"><\/div>\n\n\n\n<p>Ausstellungsansicht ANSCHLUSSVERFAHREN (7-teilige Anordnung), 2022, PROTOTYPEN &#8211; MUSTER UND VISION, St\u00e4dtische Galerie Dresden, kuratiert von Andreas Hildebrandt<\/p>\n\n\n<div class=\"wp-block-image\">\n<figure class=\"alignleft size-full\"><img loading=\"lazy\" decoding=\"async\" width=\"840\" height=\"761\" src=\"https:\/\/alexandraschewski.de\/wp-content\/uploads\/2025\/11\/Existenz2_2020_150dpi_840px_2025_2.jpg\" alt=\"\" class=\"wp-image-794\" srcset=\"https:\/\/alexandraschewski.de\/wp-content\/uploads\/2025\/11\/Existenz2_2020_150dpi_840px_2025_2.jpg 840w, https:\/\/alexandraschewski.de\/wp-content\/uploads\/2025\/11\/Existenz2_2020_150dpi_840px_2025_2-300x272.jpg 300w, https:\/\/alexandraschewski.de\/wp-content\/uploads\/2025\/11\/Existenz2_2020_150dpi_840px_2025_2-768x696.jpg 768w\" sizes=\"auto, (max-width: 840px) 100vw, 840px\" \/><\/figure><\/div>\n\n\n<div style=\"height:27px\" aria-hidden=\"true\" class=\"wp-block-spacer\"><\/div>\n\n\n\n<figure class=\"wp-block-image size-full\"><img loading=\"lazy\" decoding=\"async\" width=\"840\" height=\"541\" src=\"https:\/\/alexandraschewski.de\/wp-content\/uploads\/2025\/11\/Existenz2_2020_150dpi_840px_2025.jpg\" alt=\"\" class=\"wp-image-795\" srcset=\"https:\/\/alexandraschewski.de\/wp-content\/uploads\/2025\/11\/Existenz2_2020_150dpi_840px_2025.jpg 840w, https:\/\/alexandraschewski.de\/wp-content\/uploads\/2025\/11\/Existenz2_2020_150dpi_840px_2025-300x193.jpg 300w, https:\/\/alexandraschewski.de\/wp-content\/uploads\/2025\/11\/Existenz2_2020_150dpi_840px_2025-768x495.jpg 768w\" sizes=\"auto, (max-width: 840px) 100vw, 840px\" \/><\/figure>\n\n\n\n<p>Ausstellungsansicht EXISTENZ KAPITEL 2, Oktogon, Kunsthalle HfBK Dresden, 2020<\/p>\n\n\n\n<div style=\"height:1px\" aria-hidden=\"true\" class=\"wp-block-spacer\"><\/div>\n\n\n<div class=\"wp-block-image\">\n<figure class=\"alignleft size-large is-resized\"><img loading=\"lazy\" decoding=\"async\" width=\"768\" height=\"1024\" src=\"https:\/\/alexandraschewski.de\/wp-content\/uploads\/2025\/11\/Leipzig2018_2_150dpi_840px-768x1024.jpg\" alt=\"\" class=\"wp-image-902\" style=\"width:840px\" srcset=\"https:\/\/alexandraschewski.de\/wp-content\/uploads\/2025\/11\/Leipzig2018_2_150dpi_840px-768x1024.jpg 768w, https:\/\/alexandraschewski.de\/wp-content\/uploads\/2025\/11\/Leipzig2018_2_150dpi_840px-225x300.jpg 225w, https:\/\/alexandraschewski.de\/wp-content\/uploads\/2025\/11\/Leipzig2018_2_150dpi_840px.jpg 840w\" sizes=\"auto, (max-width: 768px) 100vw, 768px\" \/><\/figure><\/div>\n\n\n<div style=\"height:1px\" aria-hidden=\"true\" class=\"wp-block-spacer\"><\/div>\n\n\n\n<p>Ausstellungsansicht FUNDUS, Kunstraum Neu Deli, Leipzig 2018<\/p>\n\n\n\n<div style=\"height:25px\" aria-hidden=\"true\" class=\"wp-block-spacer\"><\/div>\n\n\n\n<div class=\"wp-block-group\"><div class=\"wp-block-group__inner-container is-layout-flow wp-block-group-is-layout-flow\">\n<figure class=\"wp-block-gallery has-nested-images columns-default is-cropped wp-block-gallery-1 is-layout-flex wp-block-gallery-is-layout-flex\">\n<figure class=\"wp-block-image size-large\"><img loading=\"lazy\" decoding=\"async\" width=\"759\" height=\"1024\" data-id=\"75\" src=\"https:\/\/alexandraschewski.de\/wp-content\/uploads\/2020\/03\/Papierwurf_74dpi-759x1024.jpg\" alt=\"\" class=\"wp-image-75\" srcset=\"https:\/\/alexandraschewski.de\/wp-content\/uploads\/2020\/03\/Papierwurf_74dpi-759x1024.jpg 759w, https:\/\/alexandraschewski.de\/wp-content\/uploads\/2020\/03\/Papierwurf_74dpi-222x300.jpg 222w, https:\/\/alexandraschewski.de\/wp-content\/uploads\/2020\/03\/Papierwurf_74dpi-768x1036.jpg 768w, https:\/\/alexandraschewski.de\/wp-content\/uploads\/2020\/03\/Papierwurf_74dpi-1139x1536.jpg 1139w, https:\/\/alexandraschewski.de\/wp-content\/uploads\/2020\/03\/Papierwurf_74dpi.jpg 1483w\" sizes=\"auto, (max-width: 759px) 100vw, 759px\" \/><\/figure>\n\n\n\n<figure class=\"wp-block-image size-large\"><img loading=\"lazy\" decoding=\"async\" width=\"874\" height=\"655\" data-id=\"73\" src=\"https:\/\/alexandraschewski.de\/wp-content\/uploads\/2020\/03\/Leinwandabgespannt_74dpi.jpg\" alt=\"\" class=\"wp-image-73\" srcset=\"https:\/\/alexandraschewski.de\/wp-content\/uploads\/2020\/03\/Leinwandabgespannt_74dpi.jpg 874w, https:\/\/alexandraschewski.de\/wp-content\/uploads\/2020\/03\/Leinwandabgespannt_74dpi-300x225.jpg 300w, https:\/\/alexandraschewski.de\/wp-content\/uploads\/2020\/03\/Leinwandabgespannt_74dpi-768x576.jpg 768w\" sizes=\"auto, (max-width: 874px) 100vw, 874px\" \/><\/figure>\n\n\n\n<figure class=\"wp-block-image size-large\"><img loading=\"lazy\" decoding=\"async\" width=\"751\" height=\"1024\" data-id=\"81\" src=\"https:\/\/alexandraschewski.de\/wp-content\/uploads\/2020\/03\/Tisch_Stapel5_74dpi-751x1024.jpg\" alt=\"\" class=\"wp-image-81\" srcset=\"https:\/\/alexandraschewski.de\/wp-content\/uploads\/2020\/03\/Tisch_Stapel5_74dpi-751x1024.jpg 751w, https:\/\/alexandraschewski.de\/wp-content\/uploads\/2020\/03\/Tisch_Stapel5_74dpi-220x300.jpg 220w, https:\/\/alexandraschewski.de\/wp-content\/uploads\/2020\/03\/Tisch_Stapel5_74dpi-768x1047.jpg 768w, https:\/\/alexandraschewski.de\/wp-content\/uploads\/2020\/03\/Tisch_Stapel5_74dpi.jpg 806w\" sizes=\"auto, (max-width: 751px) 100vw, 751px\" \/><\/figure>\n\n\n\n<figure class=\"wp-block-image size-large\"><img loading=\"lazy\" decoding=\"async\" width=\"767\" height=\"1024\" data-id=\"80\" src=\"https:\/\/alexandraschewski.de\/wp-content\/uploads\/2020\/03\/Tisch_Stapel4_74dpi-767x1024.jpg\" alt=\"\" class=\"wp-image-80\" srcset=\"https:\/\/alexandraschewski.de\/wp-content\/uploads\/2020\/03\/Tisch_Stapel4_74dpi-767x1024.jpg 767w, https:\/\/alexandraschewski.de\/wp-content\/uploads\/2020\/03\/Tisch_Stapel4_74dpi-225x300.jpg 225w, https:\/\/alexandraschewski.de\/wp-content\/uploads\/2020\/03\/Tisch_Stapel4_74dpi-768x1025.jpg 768w, https:\/\/alexandraschewski.de\/wp-content\/uploads\/2020\/03\/Tisch_Stapel4_74dpi.jpg 852w\" sizes=\"auto, (max-width: 767px) 100vw, 767px\" \/><\/figure>\n\n\n\n<figure class=\"wp-block-image size-large\"><img loading=\"lazy\" decoding=\"async\" width=\"1024\" height=\"755\" data-id=\"78\" src=\"https:\/\/alexandraschewski.de\/wp-content\/uploads\/2020\/03\/Tisch_Stapel2_74dpi-1024x755.jpg\" alt=\"\" class=\"wp-image-78\" srcset=\"https:\/\/alexandraschewski.de\/wp-content\/uploads\/2020\/03\/Tisch_Stapel2_74dpi-1024x755.jpg 1024w, https:\/\/alexandraschewski.de\/wp-content\/uploads\/2020\/03\/Tisch_Stapel2_74dpi-300x221.jpg 300w, https:\/\/alexandraschewski.de\/wp-content\/uploads\/2020\/03\/Tisch_Stapel2_74dpi-768x566.jpg 768w, https:\/\/alexandraschewski.de\/wp-content\/uploads\/2020\/03\/Tisch_Stapel2_74dpi.jpg 1118w\" sizes=\"auto, (max-width: 1024px) 100vw, 1024px\" \/><\/figure>\n\n\n\n<figure class=\"wp-block-image size-large\"><img loading=\"lazy\" decoding=\"async\" width=\"757\" height=\"1024\" data-id=\"113\" src=\"https:\/\/alexandraschewski.de\/wp-content\/uploads\/2020\/03\/SG105712_150dpi-757x1024.jpg\" alt=\"\" class=\"wp-image-113\" srcset=\"https:\/\/alexandraschewski.de\/wp-content\/uploads\/2020\/03\/SG105712_150dpi-757x1024.jpg 757w, https:\/\/alexandraschewski.de\/wp-content\/uploads\/2020\/03\/SG105712_150dpi-222x300.jpg 222w, https:\/\/alexandraschewski.de\/wp-content\/uploads\/2020\/03\/SG105712_150dpi-768x1038.jpg 768w, https:\/\/alexandraschewski.de\/wp-content\/uploads\/2020\/03\/SG105712_150dpi.jpg 886w\" sizes=\"auto, (max-width: 757px) 100vw, 757px\" \/><\/figure>\n\n\n\n<figure class=\"wp-block-image size-large\"><img loading=\"lazy\" decoding=\"async\" width=\"563\" height=\"758\" data-id=\"64\" src=\"https:\/\/alexandraschewski.de\/wp-content\/uploads\/2020\/03\/G107833_74dpi.jpg\" alt=\"\" class=\"wp-image-64\" srcset=\"https:\/\/alexandraschewski.de\/wp-content\/uploads\/2020\/03\/G107833_74dpi.jpg 563w, https:\/\/alexandraschewski.de\/wp-content\/uploads\/2020\/03\/G107833_74dpi-223x300.jpg 223w\" sizes=\"auto, (max-width: 563px) 100vw, 563px\" \/><\/figure>\n\n\n\n<figure class=\"wp-block-image size-large\"><img loading=\"lazy\" decoding=\"async\" width=\"700\" height=\"933\" data-id=\"71\" src=\"https:\/\/alexandraschewski.de\/wp-content\/uploads\/2020\/03\/IMG_1797_74dpi.jpg\" alt=\"\" class=\"wp-image-71\" srcset=\"https:\/\/alexandraschewski.de\/wp-content\/uploads\/2020\/03\/IMG_1797_74dpi.jpg 700w, https:\/\/alexandraschewski.de\/wp-content\/uploads\/2020\/03\/IMG_1797_74dpi-225x300.jpg 225w\" sizes=\"auto, (max-width: 700px) 100vw, 700px\" \/><\/figure>\n<\/figure>\n<\/div><\/div>\n\n\n\n<p><\/p>\n","protected":false},"excerpt":{"rendered":"<p>&#8222;Die schematische Klarheit und Logik des Minimalismus treibt Alexandra Schewski in ihren Arbeiten weiter voran, indem sie die Mechanik der menschlichen Bewegung aufzeichnet. Auf der Stille der Ordnung ruhend durchbricht die K\u00fcnstlerin mit ihrem eigenen Rhythmus die Perfektion.&#8220;&nbsp; (Dr. Caroline Li-Li Yi, 2022) HAUFEN (2)2025Collage\/Digitaldruck auf Linoldruck32,5&#215;25 cm HAUFEN (1)2025Collage\/Digitaldruck auf Linoldruck32,5&#215;25 cm Ausstellungsansicht ZWEILICHT &hellip;<\/p>\n","protected":false},"author":1,"featured_media":0,"parent":0,"menu_order":0,"comment_status":"closed","ping_status":"closed","template":"","meta":{"footnotes":""},"class_list":["post-85","page","type-page","status-publish","hentry"],"_links":{"self":[{"href":"https:\/\/alexandraschewski.de\/index.php?rest_route=\/wp\/v2\/pages\/85","targetHints":{"allow":["GET"]}}],"collection":[{"href":"https:\/\/alexandraschewski.de\/index.php?rest_route=\/wp\/v2\/pages"}],"about":[{"href":"https:\/\/alexandraschewski.de\/index.php?rest_route=\/wp\/v2\/types\/page"}],"author":[{"embeddable":true,"href":"https:\/\/alexandraschewski.de\/index.php?rest_route=\/wp\/v2\/users\/1"}],"replies":[{"embeddable":true,"href":"https:\/\/alexandraschewski.de\/index.php?rest_route=%2Fwp%2Fv2%2Fcomments&post=85"}],"version-history":[{"count":81,"href":"https:\/\/alexandraschewski.de\/index.php?rest_route=\/wp\/v2\/pages\/85\/revisions"}],"predecessor-version":[{"id":946,"href":"https:\/\/alexandraschewski.de\/index.php?rest_route=\/wp\/v2\/pages\/85\/revisions\/946"}],"wp:attachment":[{"href":"https:\/\/alexandraschewski.de\/index.php?rest_route=%2Fwp%2Fv2%2Fmedia&parent=85"}],"curies":[{"name":"wp","href":"https:\/\/api.w.org\/{rel}","templated":true}]}}